{"id":44,"date":"2026-03-06T10:36:23","date_gmt":"2026-03-06T07:36:23","guid":{"rendered":"https:\/\/ozyavaslar.com\/?page_id=44"},"modified":"2026-03-06T11:09:44","modified_gmt":"2026-03-06T08:09:44","slug":"suryapi-tup-ve-su","status":"publish","type":"page","link":"https:\/\/ozyavaslar.com\/index.php\/suryapi-tup-ve-su\/","title":{"rendered":"Suryap\u0131 T\u00fcp ve Su"},"content":{"rendered":"<h1 data-section-id=\"x4x3s8\" data-start=\"124\" data-end=\"166\">Antalya Suryap\u0131 Evleri T\u00fcp ve Su Servisi<\/h1>\n<p data-start=\"168\" data-end=\"447\">Suryap\u0131 Evleri, Antalya\u2019n\u0131n <strong data-start=\"196\" data-end=\"258\">Kepez il\u00e7esine ba\u011fl\u0131 modern yerle\u015fim alanlar\u0131ndan biridir.<\/strong> B\u00f6lgede ya\u015fayan aileler, \u00f6\u011frenciler ve \u00e7al\u0131\u015fanlar i\u00e7in g\u00fcnl\u00fck ihtiya\u00e7lar\u0131n h\u0131zl\u0131 \u015fekilde kar\u015f\u0131lanmas\u0131 olduk\u00e7a \u00f6nemlidir. Bu ihtiya\u00e7lar\u0131n ba\u015f\u0131nda <strong data-start=\"404\" data-end=\"434\">t\u00fcp ve damacana su servisi<\/strong> gelmektedir.<\/p>\n<p data-start=\"449\" data-end=\"760\">Antalya genel olarak s\u0131cak bir iklime sahip olsa da evlerde ve i\u015f yerlerinde <strong data-start=\"526\" data-end=\"568\">mutfak t\u00fcp\u00fc kullan\u0131m\u0131 halen yayg\u0131nd\u0131r.<\/strong> Yemek pi\u015firme ve baz\u0131 i\u015f yerlerinde kullan\u0131lan t\u00fcpgaz pratik bir enerji kayna\u011f\u0131d\u0131r. Ayn\u0131 \u015fekilde temiz ve sa\u011fl\u0131kl\u0131 <strong data-start=\"684\" data-end=\"699\">damacana su<\/strong> de g\u00fcnl\u00fck ya\u015fam\u0131n temel ihtiya\u00e7lar\u0131 aras\u0131nda yer almaktad\u0131r.<\/p>\n<p data-start=\"762\" data-end=\"883\">Suryap\u0131 Evleri\u2019nde ya\u015fayan vatanda\u015flar i\u00e7in <strong data-start=\"806\" data-end=\"883\">t\u00fcp ve su sipari\u015fi h\u0131zl\u0131 ve g\u00fcvenilir \u015fekilde kap\u0131ya teslim edilmektedir.<\/strong><\/p>\n<hr data-start=\"885\" data-end=\"888\" \/>\n<h1 data-section-id=\"1j82kue\" data-start=\"890\" data-end=\"924\">Suryap\u0131 Evleri T\u00fcp ve Su Servisi<\/h1>\n<p data-start=\"926\" data-end=\"1155\">Suryap\u0131 Evleri\u2019nde t\u00fcp ve su ihtiyac\u0131 olan vatanda\u015flar i\u00e7in h\u0131zl\u0131 servis b\u00fcy\u00fck \u00f6nem ta\u015f\u0131maktad\u0131r. <strong data-start=\"1024\" data-end=\"1060\">Suryap\u0131 Evleri t\u00fcp ve su servisi<\/strong>, ihtiya\u00e7 duydu\u011funuz t\u00fcpgaz ve damacana suyu k\u0131sa s\u00fcrede adresinize ula\u015ft\u0131rmay\u0131 ama\u00e7lamaktad\u0131r.<\/p>\n<p data-start=\"1157\" data-end=\"1363\">Evler, i\u015f yerleri, restoranlar ve kafeler i\u00e7in <strong data-start=\"1204\" data-end=\"1245\">mutfak t\u00fcp\u00fc, b\u00fcy\u00fck t\u00fcp ve damacana su<\/strong> hizmeti verilmektedir. Sipari\u015fleriniz g\u00fcvenli \u015fekilde haz\u0131rlanarak h\u0131zl\u0131 teslimat ile kap\u0131n\u0131za kadar getirilmektedir.<\/p>\n<hr data-start=\"1365\" data-end=\"1368\" \/>\n<h1 data-section-id=\"101wl83\" data-start=\"1370\" data-end=\"1391\">LPG (T\u00fcpgaz) Nedir?<\/h1>\n<p data-start=\"1393\" data-end=\"1562\">LPG yani halk aras\u0131nda bilinen ad\u0131yla <strong data-start=\"1431\" data-end=\"1441\">t\u00fcpgaz<\/strong>, s\u0131v\u0131la\u015ft\u0131r\u0131lm\u0131\u015f petrol gaz\u0131d\u0131r. Evlerde, i\u015f yerlerinde ve restoranlarda yayg\u0131n olarak kullan\u0131lan bir enerji kayna\u011f\u0131d\u0131r.<\/p>\n<p data-start=\"1564\" data-end=\"1811\">LPG renksiz ve kokusuzdur, ancak olas\u0131 gaz ka\u00e7aklar\u0131n\u0131n fark edilmesi i\u00e7in i\u00e7erisine \u00f6zel bir koku eklenmektedir. Ham petrol\u00fcn dam\u0131t\u0131lmas\u0131 veya do\u011falgaz\u0131n i\u015flenmesi sonucunda elde edilen LPG, <strong data-start=\"1756\" data-end=\"1811\">\u00e7elik t\u00fcpler i\u00e7erisine doldurularak sat\u0131\u015fa sunulur.<\/strong><\/p>\n<p data-start=\"1813\" data-end=\"1971\">T\u00fcp kullan\u0131m\u0131 olduk\u00e7a pratik olsa da dikkat edilmesi gereken bir enerji kayna\u011f\u0131d\u0131r. Yan\u0131c\u0131 ve patlay\u0131c\u0131 \u00f6zelli\u011fe sahip oldu\u011fu i\u00e7in g\u00fcvenli kullan\u0131m \u00f6nemlidir.<\/p>\n<p data-start=\"1973\" data-end=\"2109\">Suryap\u0131 Evleri\u2019nde ya\u015fayan bir\u00e7ok ki\u015fi <strong data-start=\"2012\" data-end=\"2109\">k\u00fc\u00e7\u00fck t\u00fcp, b\u00fcy\u00fck t\u00fcp ve mutfak t\u00fcp\u00fc kullanarak yemek ve \u0131s\u0131nma ihtiya\u00e7lar\u0131n\u0131 kar\u015f\u0131lamaktad\u0131r.<\/strong><\/p>\n<hr data-start=\"2111\" data-end=\"2114\" \/>\n<h1 data-section-id=\"1wyhbyy\" data-start=\"2116\" data-end=\"2153\">Antalya Suryap\u0131 Evleri T\u00fcp Sipari\u015fi<\/h1>\n<p data-start=\"2155\" data-end=\"2364\">T\u00fcp kullan\u0131m\u0131 g\u00fcnl\u00fck hayatta olduk\u00e7a yayg\u0131nd\u0131r ve bazen <strong data-start=\"2211\" data-end=\"2247\">beklenmedik bir anda t\u00fcp bitmesi<\/strong> durumu ya\u015fanabilir. Bir\u00e7ok ki\u015fi yedek t\u00fcp bulundursa da baz\u0131 durumlarda acil t\u00fcp sipari\u015fi ihtiyac\u0131 ortaya \u00e7\u0131kabilir.<\/p>\n<p data-start=\"2366\" data-end=\"2582\">Bu gibi durumlarda <strong data-start=\"2385\" data-end=\"2415\">Suryap\u0131 Evleri t\u00fcp servisi<\/strong> ile ileti\u015fime ge\u00e7ildi\u011finde k\u0131sa s\u00fcrede adresinize teslimat yap\u0131lmaktad\u0131r. \u0130htiyac\u0131n\u0131z olan <strong data-start=\"2507\" data-end=\"2548\">k\u00fc\u00e7\u00fck t\u00fcp, b\u00fcy\u00fck t\u00fcp veya mutfak t\u00fcp\u00fc<\/strong> h\u0131zl\u0131 \u015fekilde kap\u0131n\u0131za getirilir.<\/p>\n<hr data-start=\"2584\" data-end=\"2587\" \/>\n<h1 data-section-id=\"y1u5rd\" data-start=\"2589\" data-end=\"2625\">Suryap\u0131 Evleri Damacana Su Servisi<\/h1>\n<p data-start=\"2627\" data-end=\"2865\">Suryap\u0131 Evleri\u2019nde sadece t\u00fcp de\u011fil ayn\u0131 zamanda <strong data-start=\"2676\" data-end=\"2699\">damacana su servisi<\/strong> de b\u00fcy\u00fck bir ihtiya\u00e7t\u0131r. Su, insan hayat\u0131n\u0131n en temel ihtiya\u00e7lar\u0131ndan biridir. Bu nedenle kullan\u0131lan suyun <strong data-start=\"2807\" data-end=\"2846\">temiz, sa\u011fl\u0131kl\u0131 ve g\u00fcvenilir olmas\u0131<\/strong> olduk\u00e7a \u00f6nemlidir.<\/p>\n<p data-start=\"2867\" data-end=\"3068\">Suryap\u0131 Evleri t\u00fcp ve su servisi olarak mahalle sakinlerinin damacana su ihtiyac\u0131 da h\u0131zl\u0131 bir \u015fekilde kar\u015f\u0131lanmaktad\u0131r. Verdi\u011finiz sipari\u015fler k\u0131sa s\u00fcrede haz\u0131rlanarak <strong data-start=\"3035\" data-end=\"3068\">kap\u0131n\u0131za teslim edilmektedir.<\/strong><\/p>\n<hr data-start=\"3070\" data-end=\"3073\" \/>\n<h1 data-section-id=\"1ckrxrq\" data-start=\"3075\" data-end=\"3110\">Suryap\u0131 Evleri A\u00e7\u0131k T\u00fcp\u00e7\u00fc ve Sucu<\/h1>\n<p data-start=\"3112\" data-end=\"3274\">T\u00fcp ve su g\u00fcnl\u00fck hayatta s\u00fcrekli kullan\u0131lan ihtiya\u00e7lar oldu\u011fu i\u00e7in bazen <strong data-start=\"3185\" data-end=\"3221\">gece saatlerinde veya hafta sonu<\/strong> t\u00fcp\u00fcn ya da suyun bitmesi gibi durumlar ya\u015fanabilir.<\/p>\n<p data-start=\"3276\" data-end=\"3413\">Bir\u00e7ok ki\u015fi \u00f6zellikle <strong data-start=\"3298\" data-end=\"3333\">\u201cPazar g\u00fcn\u00fc a\u00e7\u0131k t\u00fcp\u00e7\u00fc var m\u0131?\u201d<\/strong> ya da <strong data-start=\"3340\" data-end=\"3374\">\u201cgece t\u00fcp getiren yer var m\u0131?\u201d<\/strong> sorular\u0131n\u0131n cevab\u0131n\u0131 merak etmektedir.<\/p>\n<p data-start=\"3415\" data-end=\"3603\">Suryap\u0131 Evleri\u2019nde t\u00fcp veya su ihtiyac\u0131n\u0131z oldu\u011funda <strong data-start=\"3468\" data-end=\"3531\">bizimle ileti\u015fime ge\u00e7erek h\u0131zl\u0131 servis talep edebilirsiniz.<\/strong> Sipari\u015fleriniz k\u0131sa s\u00fcrede haz\u0131rlanarak adresinize teslim edilmektedir.<\/p>\n","protected":false},"excerpt":{"rendered":"<p>Antalya Suryap\u0131 Evleri T\u00fcp ve Su Servisi Suryap\u0131 Evleri, Antalya\u2019n\u0131n Kepez il\u00e7esine ba\u011fl\u0131 modern yerle\u015fim alanlar\u0131ndan biridir. B\u00f6lgede ya\u015fayan aileler, \u00f6\u011frenciler ve \u00e7al\u0131\u015fanlar i\u00e7in g\u00fcnl\u00fck ihtiya\u00e7lar\u0131n h\u0131zl\u0131 \u015fekilde kar\u015f\u0131lanmas\u0131 olduk\u00e7a \u00f6nemlidir. Bu ihtiya\u00e7lar\u0131n ba\u015f\u0131nda t\u00fcp ve damacana su servisi gelmektedir. Antalya genel olarak s\u0131cak bir iklime sahip olsa da evlerde ve i\u015f yerlerinde mutfak t\u00fcp\u00fc [&hellip;]<\/p>\n","protected":false},"author":1,"featured_media":0,"parent":0,"menu_order":0,"comment_status":"closed","ping_status":"closed","template":"","meta":{"om_disable_all_campaigns":false,"_monsterinsights_skip_tracking":false,"_monsterinsights_sitenote_active":false,"_monsterinsights_sitenote_note":"","_monsterinsights_sitenote_category":0,"footnotes":""},"class_list":["post-44","page","type-page","status-publish","hentry"],"aioseo_notices":[],"_links":{"self":[{"href":"https:\/\/ozyavaslar.com\/index.php\/wp-json\/wp\/v2\/pages\/44","targetHints":{"allow":["GET"]}}],"collection":[{"href":"https:\/\/ozyavaslar.com\/index.php\/wp-json\/wp\/v2\/pages"}],"about":[{"href":"https:\/\/ozyavaslar.com\/index.php\/wp-json\/wp\/v2\/types\/page"}],"author":[{"embeddable":true,"href":"https:\/\/ozyavaslar.com\/index.php\/wp-json\/wp\/v2\/users\/1"}],"replies":[{"embeddable":true,"href":"https:\/\/ozyavaslar.com\/index.php\/wp-json\/wp\/v2\/comments?post=44"}],"version-history":[{"count":2,"href":"https:\/\/ozyavaslar.com\/index.php\/wp-json\/wp\/v2\/pages\/44\/revisions"}],"predecessor-version":[{"id":63,"href":"https:\/\/ozyavaslar.com\/index.php\/wp-json\/wp\/v2\/pages\/44\/revisions\/63"}],"wp:attachment":[{"href":"https:\/\/ozyavaslar.com\/index.php\/wp-json\/wp\/v2\/media?parent=44"}],"curies":[{"name":"wp","href":"https:\/\/api.w.org\/{rel}","templated":true}]}}