{"id":27,"date":"2026-03-06T10:32:20","date_gmt":"2026-03-06T07:32:20","guid":{"rendered":"https:\/\/ozyavaslar.com\/?page_id=27"},"modified":"2026-03-06T14:01:46","modified_gmt":"2026-03-06T11:01:46","slug":"hakkimizda","status":"publish","type":"page","link":"https:\/\/ozyavaslar.com\/index.php\/hakkimizda\/","title":{"rendered":"Hakk\u0131m\u0131zda"},"content":{"rendered":"<p>\u00d6z Yava\u015flar Ticaret, 1999 y\u0131l\u0131ndan bu yana Antalya\u2019n\u0131n Kepez il\u00e7esinde t\u00fcp ve damacana su sekt\u00f6r\u00fcnde g\u00fcvenilir hizmet sunan k\u00f6kl\u00fc bir firmad\u0131r. Kuruldu\u011fumuz g\u00fcnden bu yana m\u00fc\u015fteri memnuniyetini \u00f6n planda tutarak h\u0131zl\u0131, g\u00fcvenilir ve kaliteli teslimat anlay\u0131\u015f\u0131yla hizmet vermekteyiz.<\/p>\n<p>&nbsp;<\/p>\n<p>Antalya Kepez b\u00f6lgesinde \u00f6zellikle K\u00fclt\u00fcr, Ahatl\u0131, Yenido\u011fan, \u015eafak, G\u00fclveren, Ye\u015filyurt, Akdeniz Sanayi, \u00dcnsal ve Sur Yap\u0131 mahallelerine h\u0131zl\u0131 servis sa\u011flayarak t\u00fcp ve damacana su ihtiya\u00e7lar\u0131n\u0131 en k\u0131sa s\u00fcrede m\u00fc\u015fterilerimize ula\u015ft\u0131r\u0131yoruz.<\/p>\n<p>&nbsp;<\/p>\n<p>Firmam\u0131z b\u00fcnyesinde T\u00fcrkiye\u2019nin en g\u00fcvenilir markalar\u0131ndan olan \u0130pragaz ve Aygaz t\u00fcp \u00fcr\u00fcnleri ile birlikte Ceysu, Antsu, Birda\u011f, Madran, Abant ve Davraz damacana su markalar\u0131n\u0131n sat\u0131\u015f\u0131n\u0131 yapmaktay\u0131z. Kaliteli \u00fcr\u00fcnleri uygun fiyat ve h\u0131zl\u0131 teslimat ile m\u00fc\u015fterilerimize sunmay\u0131 hedefliyoruz.<\/p>\n<p>&nbsp;<\/p>\n<p>\u00d6z Yava\u015flar Ticaret olarak y\u0131llar\u0131n verdi\u011fi tecr\u00fcbe ile Antalya Kepez\u2019de en h\u0131zl\u0131 t\u00fcp servisi ve damacana su servisi sa\u011flayan firmalardan biri olman\u0131n gururunu ya\u015f\u0131yoruz. Sipari\u015fleriniz g\u00fcvenli ve h\u0131zl\u0131 \u015fekilde adresinize teslim edilir.<\/p>\n<p>&nbsp;<\/p>\n<p>Bug\u00fcn de ayn\u0131 anlay\u0131\u015fla m\u00fc\u015fterilerimize g\u00fcvenilir, h\u0131zl\u0131 ve kaliteli hizmet sunmaya devam ediyoruz.<\/p>\n","protected":false},"excerpt":{"rendered":"<p>\u00d6z Yava\u015flar Ticaret, 1999 y\u0131l\u0131ndan bu yana Antalya\u2019n\u0131n Kepez il\u00e7esinde t\u00fcp ve damacana su sekt\u00f6r\u00fcnde g\u00fcvenilir hizmet sunan k\u00f6kl\u00fc bir firmad\u0131r. Kuruldu\u011fumuz g\u00fcnden bu yana m\u00fc\u015fteri memnuniyetini \u00f6n planda tutarak h\u0131zl\u0131, g\u00fcvenilir ve kaliteli teslimat anlay\u0131\u015f\u0131yla hizmet vermekteyiz. &nbsp; Antalya Kepez b\u00f6lgesinde \u00f6zellikle K\u00fclt\u00fcr, Ahatl\u0131, Yenido\u011fan, \u015eafak, G\u00fclveren, Ye\u015filyurt, Akdeniz Sanayi, \u00dcnsal ve Sur Yap\u0131 [&hellip;]<\/p>\n","protected":false},"author":1,"featured_media":0,"parent":0,"menu_order":0,"comment_status":"closed","ping_status":"closed","template":"","meta":{"om_disable_all_campaigns":false,"_monsterinsights_skip_tracking":false,"_monsterinsights_sitenote_active":false,"_monsterinsights_sitenote_note":"","_monsterinsights_sitenote_category":0,"footnotes":""},"class_list":["post-27","page","type-page","status-publish","hentry"],"aioseo_notices":[],"_links":{"self":[{"href":"https:\/\/ozyavaslar.com\/index.php\/wp-json\/wp\/v2\/pages\/27","targetHints":{"allow":["GET"]}}],"collection":[{"href":"https:\/\/ozyavaslar.com\/index.php\/wp-json\/wp\/v2\/pages"}],"about":[{"href":"https:\/\/ozyavaslar.com\/index.php\/wp-json\/wp\/v2\/types\/page"}],"author":[{"embeddable":true,"href":"https:\/\/ozyavaslar.com\/index.php\/wp-json\/wp\/v2\/users\/1"}],"replies":[{"embeddable":true,"href":"https:\/\/ozyavaslar.com\/index.php\/wp-json\/wp\/v2\/comments?post=27"}],"version-history":[{"count":4,"href":"https:\/\/ozyavaslar.com\/index.php\/wp-json\/wp\/v2\/pages\/27\/revisions"}],"predecessor-version":[{"id":143,"href":"https:\/\/ozyavaslar.com\/index.php\/wp-json\/wp\/v2\/pages\/27\/revisions\/143"}],"wp:attachment":[{"href":"https:\/\/ozyavaslar.com\/index.php\/wp-json\/wp\/v2\/media?parent=27"}],"curies":[{"name":"wp","href":"https:\/\/api.w.org\/{rel}","templated":true}]}}